{"id":4,"date":"2020-05-02T19:50:57","date_gmt":"2020-05-02T19:50:57","guid":{"rendered":"https:\/\/mineralkingproduce.com\/?page_id=4"},"modified":"2020-06-18T21:41:40","modified_gmt":"2020-06-18T21:41:40","slug":"4-2","status":"publish","type":"page","link":"https:\/\/mineralkingproduce.com\/es\/","title":{"rendered":""},"content":{"rendered":"<h3>\n\t\tNOSOTRAS SABEMOS\n\t<\/h3>\n<h1>\n\t\tPRODUCTOS\n\t<\/h1>\n<h2>\n\t\t&#8220;With over twenty years of experience in our industry, we are very aware of the different markets, and are able to adapt to the needs of our customers.&#8221;\n\t<\/h2>\n\t\t\t\t<img decoding=\"async\" src=\"https:\/\/mineralkingproduce.com\/wp-content\/uploads\/2020\/05\/produce-icon-4-150x150.png\" alt=\"produce-icon-4\" itemprop=\"image\" height=\"150\" width=\"150\" title=\"produce-icon-4\" onerror=\"this.style.display='none'\">\n\t<p>We are a high performance company located in the heart of the central valley &#8211; Visalia, California.<\/p>\n<p>Nuestro nombre esta inspirado en las minas de oro y plata que se encontraban en este valle a las faldas de la Sierra Nevada. Unidos.<\/p>\n\t\t\t\t<img decoding=\"async\" src=\"https:\/\/mineralkingproduce.com\/wp-content\/uploads\/2020\/05\/produce-icon-3-150x150.png\" alt=\"produce-icon-3\" itemprop=\"image\" height=\"150\" width=\"150\" title=\"produce-icon-3\" onerror=\"this.style.display='none'\">\n\t<p>Contamos con huertas propias y financiamos a agricultores de la regi\u00f3n, supervisando la totalidad del proceso productivo, desde la siembra hasta el empaque y almacenamiento. As\u00ed mismo, durante algunas temporadas de a\u00f1o se comercializa el producto de diferentes socios.<\/p>\n<p>Tenemos inspectores de calidad y comerciales visitando huertas en California y Arizona, especialmente en los valles productores de Nogales, Phoenix, Yuma, Bakersfield, Fresno, Huron, Valle Imperial, Oxnard, Santa Maria y Watsonville. Proximamente estaremos cubriendo campos de Manzanas y  Peras en Washington y Oregon.<\/p>\n\t\t\t\t<img decoding=\"async\" src=\"https:\/\/mineralkingproduce.com\/wp-content\/uploads\/2020\/05\/produce-icon-2-150x150.png\" alt=\"produce-icon-2\" itemprop=\"image\" height=\"150\" width=\"150\" title=\"produce-icon-2\" onerror=\"this.style.display='none'\">\n\t<p>Proporcionando servicio de primera clase\nen frutas y verduras por 20 a\u00f1os.<\/p>\n<p>Nos esforzamos por tener una calidad y un servicio de primera calidad para todos nuestros clientes. Valoramos las relaciones largas con nuestros clientes y siempre estamos aqu\u00ed para atender sus necesidades.<\/p>\n<h3>\n\t\tnuestra especialidad\n\t<\/h3>\n\t<ul>\n<li>Calidad y Servicio desde 1999<\/li>\n<li>Nos especializamos en cargas mixtas de productos que se exportan a M\u00e9xico y dentro de los Estados Unidos.<\/li>\n<li>Colaborando a que nuestro cliente optimice sus inventarios y cuente con el producto m\u00e1s fresco posible.<\/li>\n<\/ul>\n<p>&nbsp;<\/p>\n\t\t\t<a href=\"https:\/\/mineralkingproduce.com\/es\/commodities\/\" target=\"_self\" role=\"button\" rel=\"noopener noreferrer\">\n\t\t\t\t\t\t\tCOMMODITIES &#8211; FRUITS\n\t\t\t\t\t<\/a>\n\t\t\t<a href=\"https:\/\/mineralkingproduce.com\/es\/vegetables-2\/\" target=\"_self\" role=\"button\" rel=\"noopener noreferrer\">\n\t\t\t\t\t\t\tCOMMODITIES &#8211; VEGETABLES\n\t\t\t\t\t<\/a>\n\t\t\t\t<img loading=\"lazy\" decoding=\"async\" src=\"https:\/\/mineralkingproduce.com\/wp-content\/uploads\/2020\/05\/IMG_5363-scaled.jpg\" alt=\"IMG_5363\" itemprop=\"image\" height=\"1707\" width=\"2560\" title=\"Nuestra seriedad como empresa esta respaldada por un solido rating financiero en el Blue Book de Estados Unidos con 1,500M XXXB\u2022 1,500M = USD$1.5 millones\u2022 XXX = gran integridad\u2022 B = 21 d\u00edas de pago\" onerror=\"this.style.display='none'\">\n<h2>\n\t\tPor qu\u00e9 elegirnos\n\t<\/h2>\n\t<p>Mineral King ofrece una amplia variedad de servicios:<\/p>\n<ul>\n<li>Exportaci\u00f3n<\/li>\n<li>Inspecci\u00f3n personal de los cultivos<\/li>\n<li>Transportaci\u00f3n<\/li>\n<li>Contabilidad<\/li>\n<li>Ventas al mayoreo y al detalle<\/li>\n<li>Disponibilidad las 24 horas del d\u00eda, 7 d\u00edas a la semana<\/li>\n<\/ul>\n<p>Desde nuestra fundaci\u00f3n, con base en arduo trabajo, honestidad y servicio, hemos logrado una s\u00f3lida relaci\u00f3n con nuestros clientes<\/p>\n<p>We have partnered with &#8220;Fresh Buyers Inspection&#8221; &#8211; a company dedicated to the commercial inspection of fruits and vegetables.<\/p>\n<ul>\n<li>\n<ul>\n<li>los informes son realizados luego de las cosechas en condiciones adecuadas de fr\u00edo, a fin de que el cliente puedo observar con claridad un ejemplo real de la mercanc\u00eda empacada por los los proveedores.<\/li>\n<li>si el cliente lo desea, la inspecci\u00f3n tambi\u00e9n puede realizarse antes de empacar el producto, directamente en el campo.<\/li>\n<\/ul>\n<\/li>\n<\/ul>\n\t\t<h3>NOSOTROS ESPERAMOS TRABAJAR CON USTED<\/h3>\n\t\t<p>Si desea contactarnos o conocer m\u00e1s sobre los productos con los que com\u00fanmente trabajamos, haga clic en uno de los botones a continuaci\u00f3n<\/p>\n\t\t\t<a href=\"https:\/\/mineralkingproduce.com\/es\/contact\/\" target=\"_self\" role=\"button\" rel=\"noopener noreferrer\">\n\t\t\t\t\t\t\tInformaci\u00f3n de Contacto\n\t\t\t\t\t<\/a>\n\t\t<h3><\/h3>\n\t\t\t<a href=\"https:\/\/mineralkingproduce.com\/es\/commodities\/\" target=\"_self\" role=\"button\" rel=\"noopener noreferrer\">\n\t\t\t\t\t\t\tFRUTAS\n\t\t\t\t\t<\/a>\n\t\t<h3><\/h3>\n\t\t\t<a href=\"https:\/\/mineralkingproduce.com\/es\/vegetables-2\/\" target=\"_self\" role=\"button\" rel=\"noopener noreferrer\">\n\t\t\t\t\t\t\tVERDURAS\n\t\t\t\t\t<\/a>","protected":false},"excerpt":{"rendered":"<p>WE KNOW PRODUCE &#8220;With over twenty years of experience in our industry, we are very aware of the different markets, and are able to adapt to the needs of our customers.&#8221; We are a high performance company located in the heart of the central valley &#8211; Visalia, California. Our name is inspired by the golf [&hellip;]<\/p>","protected":false},"author":1,"featured_media":0,"parent":0,"menu_order":0,"comment_status":"closed","ping_status":"closed","template":"elementor_header_footer","meta":{"ocean_post_layout":"","ocean_both_sidebars_style":"","ocean_both_sidebars_content_width":0,"ocean_both_sidebars_sidebars_width":0,"ocean_sidebar":"0","ocean_second_sidebar":"0","ocean_disable_margins":"enable","ocean_add_body_class":"","ocean_shortcode_before_top_bar":"","ocean_shortcode_after_top_bar":"","ocean_shortcode_before_header":"","ocean_shortcode_after_header":"","ocean_has_shortcode":"","ocean_shortcode_after_title":"","ocean_shortcode_before_footer_widgets":"","ocean_shortcode_after_footer_widgets":"","ocean_shortcode_before_footer_bottom":"","ocean_shortcode_after_footer_bottom":"","ocean_display_top_bar":"default","ocean_display_header":"default","ocean_header_style":"","ocean_center_header_left_menu":"0","ocean_custom_header_template":"0","ocean_custom_logo":0,"ocean_custom_retina_logo":0,"ocean_custom_logo_max_width":0,"ocean_custom_logo_tablet_max_width":0,"ocean_custom_logo_mobile_max_width":0,"ocean_custom_logo_max_height":0,"ocean_custom_logo_tablet_max_height":0,"ocean_custom_logo_mobile_max_height":0,"ocean_header_custom_menu":"0","ocean_menu_typo_font_family":"0","ocean_menu_typo_font_subset":"","ocean_menu_typo_font_size":0,"ocean_menu_typo_font_size_tablet":0,"ocean_menu_typo_font_size_mobile":0,"ocean_menu_typo_font_size_unit":"px","ocean_menu_typo_font_weight":"","ocean_menu_typo_font_weight_tablet":"","ocean_menu_typo_font_weight_mobile":"","ocean_menu_typo_transform":"","ocean_menu_typo_transform_tablet":"","ocean_menu_typo_transform_mobile":"","ocean_menu_typo_line_height":0,"ocean_menu_typo_line_height_tablet":0,"ocean_menu_typo_line_height_mobile":0,"ocean_menu_typo_line_height_unit":"","ocean_menu_typo_spacing":0,"ocean_menu_typo_spacing_tablet":0,"ocean_menu_typo_spacing_mobile":0,"ocean_menu_typo_spacing_unit":"","ocean_menu_link_color":"","ocean_menu_link_color_hover":"","ocean_menu_link_color_active":"","ocean_menu_link_background":"","ocean_menu_link_hover_background":"","ocean_menu_link_active_background":"","ocean_menu_social_links_bg":"","ocean_menu_social_hover_links_bg":"","ocean_menu_social_links_color":"","ocean_menu_social_hover_links_color":"","ocean_disable_title":"default","ocean_disable_heading":"default","ocean_post_title":"","ocean_post_subheading":"","ocean_post_title_style":"","ocean_post_title_background_color":"","ocean_post_title_background":0,"ocean_post_title_bg_image_position":"","ocean_post_title_bg_image_attachment":"","ocean_post_title_bg_image_repeat":"","ocean_post_title_bg_image_size":"","ocean_post_title_height":0,"ocean_post_title_bg_overlay":0.5,"ocean_post_title_bg_overlay_color":"","ocean_disable_breadcrumbs":"default","ocean_breadcrumbs_color":"","ocean_breadcrumbs_separator_color":"","ocean_breadcrumbs_links_color":"","ocean_breadcrumbs_links_hover_color":"","ocean_display_footer_widgets":"default","ocean_display_footer_bottom":"default","ocean_custom_footer_template":"0","footnotes":""},"class_list":["post-4","page","type-page","status-publish","hentry","entry"],"_links":{"self":[{"href":"https:\/\/mineralkingproduce.com\/es\/wp-json\/wp\/v2\/pages\/4","targetHints":{"allow":["GET"]}}],"collection":[{"href":"https:\/\/mineralkingproduce.com\/es\/wp-json\/wp\/v2\/pages"}],"about":[{"href":"https:\/\/mineralkingproduce.com\/es\/wp-json\/wp\/v2\/types\/page"}],"author":[{"embeddable":true,"href":"https:\/\/mineralkingproduce.com\/es\/wp-json\/wp\/v2\/users\/1"}],"replies":[{"embeddable":true,"href":"https:\/\/mineralkingproduce.com\/es\/wp-json\/wp\/v2\/comments?post=4"}],"version-history":[{"count":15,"href":"https:\/\/mineralkingproduce.com\/es\/wp-json\/wp\/v2\/pages\/4\/revisions"}],"predecessor-version":[{"id":337,"href":"https:\/\/mineralkingproduce.com\/es\/wp-json\/wp\/v2\/pages\/4\/revisions\/337"}],"wp:attachment":[{"href":"https:\/\/mineralkingproduce.com\/es\/wp-json\/wp\/v2\/media?parent=4"}],"curies":[{"name":"wp","href":"https:\/\/api.w.org\/{rel}","templated":true}]}}